{"id":8,"date":"2021-09-14T20:09:36","date_gmt":"2021-09-14T20:09:36","guid":{"rendered":"http:\/\/www.justoteca.com\/countryenvalencia\/?page_id=8"},"modified":"2024-09-30T09:47:46","modified_gmt":"2024-09-30T09:47:46","slug":"8-2","status":"publish","type":"page","link":"http:\/\/www.justoteca.com\/country\/","title":{"rendered":"Inicio"},"content":{"rendered":"<p>[et_pb_section fb_built=\u00bb1&#8243; admin_label=\u00bbBACKGROUND BOTAS\u00bb _builder_version=\u00bb4.16&#8243; _module_preset=\u00bbdefault\u00bb background_image=\u00bbhttp:\/\/www.justoteca.com\/country\/wp-content\/uploads\/2021\/09\/IMG_7887JJ-scaled-1.jpg\u00bb custom_padding=\u00bb135px||741px||false|false\u00bb background_last_edited=\u00bbon|desktop\u00bb background_size_phone=\u00bbcover\u00bb global_colors_info=\u00bb{}\u00bb][et_pb_row admin_label=\u00bbCONTIENE LA FOTO con COUNTRY LINE\u00bb _builder_version=\u00bb4.16&#8243; _module_preset=\u00bbdefault\u00bb custom_margin=\u00bb-82px||-71px||false|false\u00bb global_colors_info=\u00bb{}\u00bb][et_pb_column type=\u00bb4_4&#8243; _builder_version=\u00bb4.16&#8243; _module_preset=\u00bbdefault\u00bb global_colors_info=\u00bb{}\u00bb][et_pb_image src=\u00bbhttp:\/\/www.justoteca.com\/country\/wp-content\/uploads\/2021\/09\/solo-letras-country-en-valencia-V01.png\u00bb title_text=\u00bbsolo letras country en valencia V01&#8243; align=\u00bbcenter\u00bb force_fullwidth=\u00bbon\u00bb admin_label=\u00bbFOTO CON COUNTRY LINE\u00bb _builder_version=\u00bb4.16&#8243; _module_preset=\u00bbdefault\u00bb custom_margin=\u00bb||1px|||\u00bb global_colors_info=\u00bb{}\u00bb][\/et_pb_image][\/et_pb_column][\/et_pb_row][\/et_pb_section][et_pb_section fb_built=\u00bb1&#8243; _builder_version=\u00bb4.16&#8243; _module_preset=\u00bbdefault\u00bb background_color=\u00bb#000000&#8243; min_height=\u00bb217px\u00bb custom_margin=\u00bb0px||-86px||false|false\u00bb custom_margin_tablet=\u00bb\u00bb custom_margin_phone=\u00bb||-87px||false|false\u00bb custom_margin_last_edited=\u00bbon|phone\u00bb custom_padding=\u00bb51px||51px||false|false\u00bb global_colors_info=\u00bb{}\u00bb][et_pb_row admin_label=\u00bbCOINTIENE TEXSSTO \u00bb _builder_version=\u00bb4.16&#8243; _module_preset=\u00bbdefault\u00bb background_color=\u00bb#004275&#8243; custom_padding=\u00bb||5px|||\u00bb global_colors_info=\u00bb{}\u00bb][et_pb_column type=\u00bb4_4&#8243; _builder_version=\u00bb4.16&#8243; _module_preset=\u00bbdefault\u00bb global_colors_info=\u00bb{}\u00bb][et_pb_text admin_label=\u00bbTEXTO LARGO\u00bb _builder_version=\u00bb4.16&#8243; _module_preset=\u00bbdefault\u00bb text_font=\u00bbPoppins||||||||\u00bb text_text_color=\u00bb#ffffff\u00bb text_font_size=\u00bb16px\u00bb text_line_height=\u00bb1.8em\u00bb custom_margin=\u00bb|||0px|false|false\u00bb custom_padding=\u00bb1px|27px||27px|false|true\u00bb custom_padding_tablet=\u00bb\u00bb custom_padding_phone=\u00bb\u00bb custom_padding_last_edited=\u00bbon|phone\u00bb global_colors_info=\u00bb{}\u00bb]<\/p>\n<p>El \u00abCOUNTRY LINE DANCE\u00bb es la versi\u00f3n Country del \u00abBaile en L\u00ednea\u00bb<br \/>Actualmente est\u00e1 muy extendido en todo el mundo, es DIVERTIDO y adecuado para TODO tipo de personas y edades.<\/p>\n<p><span style=\"font-size: 20px;\"><\/span><\/p>\n<p>[\/et_pb_text][\/et_pb_column][\/et_pb_row][\/et_pb_section][et_pb_section fb_built=\u00bb1&#8243; _builder_version=\u00bb4.16&#8243; _module_preset=\u00bbdefault\u00bb background_color=\u00bbrgba(224,165,38,0.58)\u00bb min_height=\u00bb451px\u00bb custom_margin=\u00bb87px||||false|false\u00bb custom_margin_tablet=\u00bb\u00bb custom_margin_phone=\u00bb\u00bb custom_margin_last_edited=\u00bbon|phone\u00bb custom_padding=\u00bb33px||7px|||\u00bb background_last_edited=\u00bbon|desktop\u00bb global_colors_info=\u00bb{}\u00bb][et_pb_row column_structure=\u00bb1_2,1_2&#8243; custom_padding_last_edited=\u00bbon|phone\u00bb _builder_version=\u00bb4.16&#8243; _module_preset=\u00bbdefault\u00bb background_color=\u00bb#004275&#8243; custom_margin=\u00bb|132px||132px|false|true\u00bb custom_margin_tablet=\u00bb0px|76px||76px|false|true\u00bb custom_margin_phone=\u00bb|48px|35px|48px|false|true\u00bb custom_margin_last_edited=\u00bbon|phone\u00bb custom_padding=\u00bb|22px|149px|22px|false|true\u00bb custom_padding_tablet=\u00bb||68px||false|true\u00bb custom_padding_phone=\u00bb||||false|true\u00bb global_colors_info=\u00bb{}\u00bb][et_pb_column type=\u00bb1_2&#8243; _builder_version=\u00bb4.16&#8243; _module_preset=\u00bbdefault\u00bb global_colors_info=\u00bb{}\u00bb][et_pb_image src=\u00bbhttp:\/\/www.justoteca.com\/country\/wp-content\/uploads\/2021\/09\/IMG_4391JJ-scaled-1.jpg\u00bb title_text=\u00bbIMG_4391JJ\u00bb _builder_version=\u00bb4.16&#8243; _module_preset=\u00bbdefault\u00bb global_colors_info=\u00bb{}\u00bb][\/et_pb_image][\/et_pb_column][et_pb_column type=\u00bb1_2&#8243; _builder_version=\u00bb4.16&#8243; _module_preset=\u00bbdefault\u00bb global_colors_info=\u00bb{}\u00bb][et_pb_text _builder_version=\u00bb4.27.0&#8243; _module_preset=\u00bbdefault\u00bb text_font=\u00bbPoppins||||||||\u00bb text_text_color=\u00bb#ffffff\u00bb text_font_size=\u00bb15px\u00bb background_enable_color=\u00bboff\u00bb global_colors_info=\u00bb{}\u00bb]<\/p>\n<p>NO hace falta PAREJA ya que se puede bailar INDIVIDUALMENTE situados en filas.<\/p>\n<p>Puede realizarse a CUALQUIER EDAD: ni\u00f1os y mayores pueden bailar en la misma pista y compartir las coreograf\u00edas.<\/p>\n<p>&#8211; Country Magic Valencia &#8211;<\/p>\n<p>[\/et_pb_text][et_pb_toggle title=\u00bbDUDAS HABITUALES:\u00bb open_toggle_text_color=\u00bb#ffffff\u00bb open_toggle_background_color=\u00bb#000000&#8243; closed_toggle_text_color=\u00bb#ffffff\u00bb closed_toggle_background_color=\u00bb#0c71c3&#8243; icon_color=\u00bb#e09900&#8243; use_icon_font_size=\u00bbon\u00bb icon_font_size=\u00bb50px\u00bb open_icon_color=\u00bb#e09900&#8243; open_use_icon_font_size=\u00bbon\u00bb open_icon_font_size=\u00bb50px\u00bb _builder_version=\u00bb4.27.0&#8243; _module_preset=\u00bbdefault\u00bb title_text_color=\u00bb#ffffff\u00bb title_font=\u00bbPoppins|600|||||||\u00bb title_text_align=\u00bbleft\u00bb title_font_size=\u00bb20px\u00bb closed_title_font=\u00bbPoppins||||||||\u00bb closed_title_text_align=\u00bbleft\u00bb closed_title_font_size=\u00bb20px\u00bb body_font=\u00bbPoppins||||||||\u00bb body_text_align=\u00bbleft\u00bb body_text_color=\u00bbrgba(224,153,0,0.77)\u00bb body_font_size=\u00bb16px\u00bb background_color=\u00bb#e09900&#8243; text_orientation=\u00bbleft\u00bb global_colors_info=\u00bb{}\u00bb]<\/p>\n<p>* No hace falta SABER bailar<br \/>* No hace falta llevar PAREJA<br \/>* Tenemos tres NIVELES<br \/>* Estamos en VALENCIA CAPITAL, en una Academia de baile con mucha reputaci\u00f3n.<br \/>* Aparte, montamos eventos al AIRE LIBRE para difundir el COUNTRY. Vente!<\/p>\n<p>&nbsp;<\/p>\n<p>[\/et_pb_toggle][\/et_pb_column][\/et_pb_row][\/et_pb_section][et_pb_section fb_built=\u00bb1&#8243; _builder_version=\u00bb4.16&#8243; _module_preset=\u00bbdefault\u00bb background_color=\u00bb#000000&#8243; min_height=\u00bb641px\u00bb custom_margin=\u00bb-30px||-248px||false|false\u00bb custom_margin_tablet=\u00bb\u00bb custom_margin_phone=\u00bb||-540px||false|false\u00bb custom_margin_last_edited=\u00bbon|phone\u00bb custom_padding=\u00bb57px|||||\u00bb top_divider_height=\u00bb47px\u00bb global_colors_info=\u00bb{}\u00bb][et_pb_row _builder_version=\u00bb4.16&#8243; _module_preset=\u00bbdefault\u00bb custom_margin=\u00bb-13px|auto|-47px|auto|false|false\u00bb custom_margin_tablet=\u00bb\u00bb custom_margin_phone=\u00bb||-50px||false|false\u00bb custom_margin_last_edited=\u00bbon|phone\u00bb custom_padding=\u00bb0px|||||\u00bb global_colors_info=\u00bb{}\u00bb][et_pb_column type=\u00bb4_4&#8243; _builder_version=\u00bb4.16&#8243; _module_preset=\u00bbdefault\u00bb global_colors_info=\u00bb{}\u00bb][et_pb_video src=\u00bbhttp:\/\/www.justoteca.com\/country\/wp-content\/uploads\/2019\/09\/Video-Country-Playground-suelo-COINCIDIR-JJ.mp4&#8243; image_src=\u00bbhttp:\/\/www.justoteca.com\/country\/wp-content\/uploads\/2021\/09\/logo-COUNTRY-MAGIC-1-300.jpg\u00bb play_icon_color=\u00bb#e02b20&#8243; use_icon_font_size=\u00bbon\u00bb icon_font_size=\u00bb120px\u00bb thumbnail_overlay_color=\u00bb#ffffff\u00bb _builder_version=\u00bb4.16&#8243; _module_preset=\u00bbdefault\u00bb global_colors_info=\u00bb{}\u00bb][\/et_pb_video][et_pb_text _builder_version=\u00bb4.16&#8243; _module_preset=\u00bbdefault\u00bb text_font=\u00bbPoppins|600|||||||\u00bb text_text_color=\u00bbrgba(255,255,255,0.72)\u00bb text_font_size=\u00bb15px\u00bb text_orientation=\u00bbcenter\u00bb global_colors_info=\u00bb{}\u00bb]<\/p>\n<p>( Ejemplo de una clase bailada en CONTRADANZA )<\/p>\n<p>[\/et_pb_text][\/et_pb_column][\/et_pb_row][\/et_pb_section][et_pb_section fb_built=\u00bb1&#8243; _builder_version=\u00bb4.16&#8243; _module_preset=\u00bbdefault\u00bb background_color=\u00bb#000000&#8243; min_height=\u00bb385px\u00bb custom_margin=\u00bb244px|||||\u00bb custom_padding=\u00bb0px||0px|||\u00bb global_colors_info=\u00bb{}\u00bb][et_pb_row column_structure=\u00bb1_3,1_3,1_3&#8243; use_custom_gutter=\u00bbon\u00bb gutter_width=\u00bb1&#8243; make_equal=\u00bbon\u00bb _builder_version=\u00bb4.16&#8243; _module_preset=\u00bbdefault\u00bb width=\u00bb100%\u00bb max_width=\u00bb2560px\u00bb min_height=\u00bb332px\u00bb custom_margin=\u00bb-1px|auto|-65px|auto||\u00bb custom_padding=\u00bb0px||65px|||\u00bb global_colors_info=\u00bb{}\u00bb][et_pb_column type=\u00bb1_3&#8243; _builder_version=\u00bb4.16&#8243; _module_preset=\u00bbdefault\u00bb background_color=\u00bb#282828&#8243; custom_padding=\u00bb34px|47px||47px|false|true\u00bb global_colors_info=\u00bb{}\u00bb][et_pb_text admin_label=\u00bbdesigning\u00bb _builder_version=\u00bb4.16&#8243; _module_preset=\u00bbdefault\u00bb text_font=\u00bbPoppins|700|||||||\u00bb text_text_color=\u00bb#ffffff\u00bb text_font_size=\u00bb32px\u00bb text_letter_spacing=\u00bb3px\u00bb header_2_font=\u00bbPoppins|800|||||||\u00bb header_2_text_color=\u00bb#e02b20&#8243; header_2_font_size=\u00bb30px\u00bb header_3_font=\u00bbPoppins|700|||||||\u00bb header_3_text_align=\u00bbleft\u00bb header_3_text_color=\u00bb#ffffff\u00bb header_3_font_size=\u00bb27px\u00bb global_colors_info=\u00bb{}\u00bb]<\/p>\n<p>Clases<\/p>\n<p>[\/et_pb_text][et_pb_divider color=\u00bb#ffffff\u00bb divider_weight=\u00bb3px\u00bb _builder_version=\u00bb4.16&#8243; _module_preset=\u00bbdefault\u00bb width=\u00bb10%\u00bb custom_padding=\u00bb17px||||false|false\u00bb global_colors_info=\u00bb{}\u00bb][\/et_pb_divider][et_pb_text _builder_version=\u00bb4.27.0&#8243; _module_preset=\u00bbdefault\u00bb text_font=\u00bbPoppins||||||||\u00bb text_text_color=\u00bbrgba(255,255,255,0.71)\u00bb text_font_size=\u00bb15px\u00bb global_colors_info=\u00bb{}\u00bb]<\/p>\n<p>VENTE a PROBAR alguna clase. As\u00ed conocer\u00e1s nuestro estilo, los locales, d\u00edas y horarios.<\/p>\n<p>Av\u00edsanos con ANTELACI\u00d3N por el aforo de la Academia.<\/p>\n<p>&#8211;COUNTRY MAGIC VALENCIA&#8211;<\/p>\n<p>[\/et_pb_text][et_pb_button button_url=\u00bb@ET-DC@eyJkeW5hbWljIjp0cnVlLCJjb250ZW50IjoicG9zdF9saW5rX3VybF9wYWdlIiwic2V0dGluZ3MiOnsicG9zdF9pZCI6IjExOSJ9fQ==@\u00bb button_text=\u00bb+ INFO\u00bb button_alignment=\u00bbcenter\u00bb _builder_version=\u00bb4.16&#8243; _dynamic_attributes=\u00bbbutton_url\u00bb _module_preset=\u00bbdefault\u00bb custom_button=\u00bbon\u00bb button_text_color=\u00bb#FFFFFF\u00bb button_bg_color=\u00bb#0C71C3&#8243; button_border_width=\u00bb1px\u00bb button_border_color=\u00bb#FFFFFF\u00bb button_border_radius=\u00bb5px\u00bb button_font=\u00bbPoppins||||||||\u00bb background_layout=\u00bbdark\u00bb custom_margin=\u00bb31px||21px||false|false\u00bb global_colors_info=\u00bb{}\u00bb][\/et_pb_button][\/et_pb_column][et_pb_column type=\u00bb1_3&#8243; _builder_version=\u00bb4.16&#8243; _module_preset=\u00bbdefault\u00bb background_color=\u00bb#e02b20&#8243; custom_padding=\u00bb34px|47px||47px|false|true\u00bb global_colors_info=\u00bb{}\u00bb][et_pb_text admin_label=\u00bbdesigning\u00bb _builder_version=\u00bb4.16&#8243; _module_preset=\u00bbdefault\u00bb text_font=\u00bbPoppins|700|||||||\u00bb text_text_color=\u00bb#ffffff\u00bb text_font_size=\u00bb32px\u00bb text_letter_spacing=\u00bb3px\u00bb header_2_font=\u00bbPoppins|800|||||||\u00bb header_2_text_color=\u00bb#e02b20&#8243; header_2_font_size=\u00bb30px\u00bb header_3_font=\u00bbPoppins|700|||||||\u00bb header_3_text_align=\u00bbleft\u00bb header_3_text_color=\u00bb#ffffff\u00bb header_3_font_size=\u00bb27px\u00bb global_colors_info=\u00bb{}\u00bb]<\/p>\n<p>Eventos<\/p>\n<p>[\/et_pb_text][et_pb_divider color=\u00bb#ffffff\u00bb divider_weight=\u00bb3px\u00bb _builder_version=\u00bb4.16&#8243; _module_preset=\u00bbdefault\u00bb width=\u00bb10%\u00bb custom_padding=\u00bb17px||||false|false\u00bb global_colors_info=\u00bb{}\u00bb][\/et_pb_divider][et_pb_text _builder_version=\u00bb4.16&#8243; _module_preset=\u00bbdefault\u00bb text_font=\u00bbPoppins||||||||\u00bb text_text_color=\u00bbrgba(255,255,255,0.71)\u00bb text_font_size=\u00bb16px\u00bb global_colors_info=\u00bb{}\u00bb]<\/p>\n<p>A veces vamos a cenar a lugares tem\u00e1ticos y all\u00ed montamos nuestra propia FIESTA country.<\/p>\n<p>\u00a0Hemos ido a FESTIVALES country con los alumnos. Los m\u00e1s atrevidos han ido al \u00abbautismo de montar a CABALLO\u00bb.<\/p>\n<p>\u00a0Y \u2026 otras veces \u2026 quedamos para hacer un encuentro country CLANDESTINO al aire LIBRE en alg\u00fan lugar de la ciudad, \u2026<strong> Shhh!<\/strong><\/p>\n<p>[\/et_pb_text][et_pb_button button_url=\u00bbhttp:\/\/www.justoteca.com\/country\/eventos\/\u00bb button_text=\u00bb+ INFO\u00bb button_alignment=\u00bbcenter\u00bb _builder_version=\u00bb4.16&#8243; _module_preset=\u00bbdefault\u00bb custom_button=\u00bbon\u00bb button_text_color=\u00bb#FFFFFF\u00bb button_bg_color=\u00bb#0C71C3&#8243; button_border_width=\u00bb1px\u00bb button_border_color=\u00bb#FFFFFF\u00bb button_border_radius=\u00bb5px\u00bb button_font=\u00bbPoppins||||||||\u00bb background_layout=\u00bbdark\u00bb custom_margin=\u00bb18px||24px||false|false\u00bb custom_padding=\u00bb||5px||false|false\u00bb global_colors_info=\u00bb{}\u00bb][\/et_pb_button][\/et_pb_column][et_pb_column type=\u00bb1_3&#8243; _builder_version=\u00bb4.16&#8243; _module_preset=\u00bbdefault\u00bb background_color=\u00bb#282828&#8243; custom_padding=\u00bb34px|47px||47px|false|true\u00bb global_colors_info=\u00bb{}\u00bb][et_pb_text admin_label=\u00bbdesigning\u00bb _builder_version=\u00bb4.16&#8243; _module_preset=\u00bbdefault\u00bb text_font=\u00bbPoppins|700|||||||\u00bb text_text_color=\u00bb#ffffff\u00bb text_font_size=\u00bb32px\u00bb text_letter_spacing=\u00bb3px\u00bb header_2_font=\u00bbPoppins|800|||||||\u00bb header_2_text_color=\u00bb#e02b20&#8243; header_2_font_size=\u00bb30px\u00bb header_3_font=\u00bbPoppins|700|||||||\u00bb header_3_text_align=\u00bbleft\u00bb header_3_text_color=\u00bb#ffffff\u00bb header_3_font_size=\u00bb27px\u00bb global_colors_info=\u00bb{}\u00bb]<\/p>\n<p>Fotos y V\u00eddeos<\/p>\n<p>[\/et_pb_text][et_pb_divider color=\u00bb#ffffff\u00bb divider_weight=\u00bb3px\u00bb _builder_version=\u00bb4.16&#8243; _module_preset=\u00bbdefault\u00bb width=\u00bb10%\u00bb custom_padding=\u00bb17px||||false|false\u00bb global_colors_info=\u00bb{}\u00bb][\/et_pb_divider][et_pb_text _builder_version=\u00bb4.16&#8243; _module_preset=\u00bbdefault\u00bb text_font=\u00bbPoppins||||||||\u00bb text_text_color=\u00bbrgba(255,255,255,0.71)\u00bb text_font_size=\u00bb15px\u00bb custom_padding=\u00bb2px|||||\u00bb global_colors_info=\u00bb{}\u00bb]<\/p>\n<p><span>Recopilaci\u00f3n de FOTOS Y V\u00cdDEOS sobre eventos, clases, y actividades relacionadas con el country.<\/span><\/p>\n<p>[\/et_pb_text][et_pb_button button_url=\u00bbhttp:\/\/www.justoteca.com\/country\/fotos\/\u00bb button_text=\u00bb+ INFO\u00bb button_alignment=\u00bbcenter\u00bb _builder_version=\u00bb4.16&#8243; _module_preset=\u00bbdefault\u00bb custom_button=\u00bbon\u00bb button_text_color=\u00bb#FFFFFF\u00bb button_bg_color=\u00bb#0C71C3&#8243; button_border_width=\u00bb1px\u00bb button_border_color=\u00bb#FFFFFF\u00bb button_border_radius=\u00bb5px\u00bb button_font=\u00bbPoppins||||||||\u00bb background_layout=\u00bbdark\u00bb custom_margin=\u00bb31px||30px||false|false\u00bb global_colors_info=\u00bb{}\u00bb][\/et_pb_button][\/et_pb_column][\/et_pb_row][\/et_pb_section][et_pb_section fb_built=\u00bb1&#8243; _builder_version=\u00bb4.16&#8243; _module_preset=\u00bbdefault\u00bb background_color=\u00bbrgba(0,0,0,0.96)\u00bb custom_margin=\u00bb||-36px|||\u00bb custom_padding=\u00bb4px||75px|||\u00bb global_colors_info=\u00bb{}\u00bb min_height=\u00bb458.4px\u00bb][et_pb_row _builder_version=\u00bb4.16&#8243; _module_preset=\u00bbdefault\u00bb global_colors_info=\u00bb{}\u00bb][et_pb_column type=\u00bb4_4&#8243; _builder_version=\u00bb4.16&#8243; _module_preset=\u00bbdefault\u00bb global_colors_info=\u00bb{}\u00bb][et_pb_image src=\u00bbhttp:\/\/www.justoteca.com\/country\/wp-content\/uploads\/2021\/09\/country-JJ-Y-MJM-2.jpeg\u00bb title_text=\u00bbcountry JJ Y MJM 2&#8243; _builder_version=\u00bb4.16&#8243; _module_preset=\u00bbdefault\u00bb global_colors_info=\u00bb{}\u00bb][\/et_pb_image][et_pb_text _builder_version=\u00bb4.23.1&#8243; _module_preset=\u00bbdefault\u00bb text_font=\u00bbPoppins|600|||||||\u00bb text_text_color=\u00bbrgba(255,255,255,0.72)\u00bb text_font_size=\u00bb15px\u00bb text_orientation=\u00bbcenter\u00bb custom_margin=\u00bb||-59px|||\u00bb global_colors_info=\u00bb{}\u00bb]<\/p>\n<p>&#8212; Justo y Mjos\u00e9 &#8212;<br \/>COUNTRY MAGIC VALENCIA<\/p>\n<p>[\/et_pb_text][\/et_pb_column][\/et_pb_row][et_pb_row _builder_version=\u00bb4.16&#8243; _module_preset=\u00bbdefault\u00bb custom_margin=\u00bb|auto|-44px|auto||\u00bb global_colors_info=\u00bb{}\u00bb][et_pb_column type=\u00bb4_4&#8243; _builder_version=\u00bb4.16&#8243; _module_preset=\u00bbdefault\u00bb global_colors_info=\u00bb{}\u00bb][et_pb_button button_url=\u00bbhttp:\/\/www.justoteca.com\/country\/contacto2\/\u00bb button_text=\u00bbCONTACTO\u00bb button_alignment=\u00bbcenter\u00bb _builder_version=\u00bb4.10.8&#8243; _module_preset=\u00bbdefault\u00bb custom_button=\u00bbon\u00bb button_bg_color=\u00bb#0C71C3&#8243; button_border_width=\u00bb1px\u00bb button_border_radius=\u00bb5px\u00bb button_font=\u00bbPoppins||||||||\u00bb background_layout=\u00bbdark\u00bb custom_margin=\u00bb29px||-13px||false|false\u00bb custom_padding=\u00bb6px||||false|false\u00bb global_module=\u00bb192&#8243; saved_tabs=\u00bball\u00bb global_colors_info=\u00bb{}\u00bb][\/et_pb_button][\/et_pb_column][\/et_pb_row][\/et_pb_section][et_pb_section fb_built=\u00bb1&#8243; disabled_on=\u00bbon|on|off\u00bb _builder_version=\u00bb4.10.8&#8243; _module_preset=\u00bbdefault\u00bb background_color=\u00bb#262626&#8243; custom_margin=\u00bb30px||-1px|||\u00bb custom_padding=\u00bb40px||36px||false|false\u00bb global_module=\u00bb57&#8243; global_colors_info=\u00bb{}\u00bb][et_pb_row column_structure=\u00bb1_3,1_3,1_3&#8243; _builder_version=\u00bb4.16&#8243; _module_preset=\u00bbdefault\u00bb custom_margin=\u00bb-13px|auto||auto||\u00bb custom_padding=\u00bb||0px|||\u00bb border_width_bottom=\u00bb1px\u00bb border_color_bottom=\u00bbrgba(0,0,0,0.61)\u00bb global_colors_info=\u00bb{}\u00bb][et_pb_column type=\u00bb1_3&#8243; _builder_version=\u00bb4.16&#8243; _module_preset=\u00bbdefault\u00bb global_colors_info=\u00bb{}\u00bb][et_pb_blurb title=\u00bbEVENTO:\u00bb image=\u00bbhttp:\/\/www.justoteca.com\/country\/wp-content\/uploads\/2021\/09\/pergolas.jpg\u00bb _builder_version=\u00bb4.16&#8243; _module_preset=\u00bbdefault\u00bb header_level=\u00bbh3&#8243; header_text_color=\u00bb#E02B20&#8243; header_font_size=\u00bb27px\u00bb body_font=\u00bb|700|||||||\u00bb body_text_color=\u00bb#E09900&#8243; custom_margin=\u00bb||5px|||\u00bb global_colors_info=\u00bb{}\u00bb custom_padding=\u00bb13px|||||\u00bb]<\/p>\n<p>\u00abCountry clandestino al AIRE LIBRE\u00bb<\/p>\n<p>[\/et_pb_blurb][\/et_pb_column][et_pb_column type=\u00bb1_3&#8243; _builder_version=\u00bb4.16&#8243; _module_preset=\u00bbdefault\u00bb global_colors_info=\u00bb{}\u00bb][et_pb_blurb image=\u00bbhttp:\/\/www.justoteca.com\/country\/wp-content\/uploads\/2021\/09\/logo-COUNTRY-MAGIC-1-300.jpg\u00bb title_tablet=\u00bb\u00bb title_phone=\u00bb\u00bb title_last_edited=\u00bbon|desktop\u00bb _builder_version=\u00bb4.23.1&#8243; _module_preset=\u00bbdefault\u00bb header_level=\u00bbh3&#8243; header_text_color=\u00bb#E02B20&#8243; header_font_size=\u00bb27px\u00bb body_font=\u00bb|700|||||||\u00bb body_text_color=\u00bb#E09900&#8243; global_colors_info=\u00bb{}\u00bb]<\/p>\n<p style=\"text-align: center;\">Country Magic Valencia<\/p>\n<p>[\/et_pb_blurb][\/et_pb_column][et_pb_column type=\u00bb1_3&#8243; _builder_version=\u00bb4.16&#8243; _module_preset=\u00bbdefault\u00bb global_colors_info=\u00bb{}\u00bb][et_pb_blurb title=\u00bbEVENTO:\u00bb image=\u00bbhttp:\/\/www.justoteca.com\/country\/wp-content\/uploads\/2021\/09\/country-puenste.jpg\u00bb _builder_version=\u00bb4.16&#8243; _module_preset=\u00bbdefault\u00bb header_level=\u00bbh3&#8243; header_text_color=\u00bb#E02B20&#8243; header_font_size=\u00bb27px\u00bb body_font=\u00bb|700|||||||\u00bb body_text_color=\u00bb#E09900&#8243; global_colors_info=\u00bb{}\u00bb]<\/p>\n<p>\u00abCountry en el R\u00cdO\u00bb<\/p>\n<p>[\/et_pb_blurb][\/et_pb_column][\/et_pb_row][\/et_pb_section][et_pb_section fb_built=\u00bb1&#8243; _builder_version=\u00bb4.16&#8243; _module_preset=\u00bbdefault\u00bb background_color=\u00bb#000000&#8243; min_height=\u00bb68px\u00bb custom_margin=\u00bb-56px||-2px|||\u00bb custom_padding=\u00bb30px||49px|||\u00bb global_colors_info=\u00bb{}\u00bb][et_pb_row _builder_version=\u00bb4.16&#8243; _module_preset=\u00bbdefault\u00bb custom_margin=\u00bb-32px|auto|-56px|auto||\u00bb custom_padding=\u00bb9px|||||\u00bb global_colors_info=\u00bb{}\u00bb][et_pb_column type=\u00bb4_4&#8243; _builder_version=\u00bb4.16&#8243; _module_preset=\u00bbdefault\u00bb global_colors_info=\u00bb{}\u00bb][et_pb_text _builder_version=\u00bb4.16&#8243; _module_preset=\u00bbdefault\u00bb min_height=\u00bb43px\u00bb custom_margin=\u00bb-6px||-34px||false|false\u00bb custom_padding=\u00bb21px||5px||false|false\u00bb global_colors_info=\u00bb{}\u00bb]<\/p>\n<p style=\"text-align: center;\">\u00a9 Justo Juan Fonseca Gusi\u00f1er 2021 \/\/\u00a0 <a href=\"http:\/\/www.justoteca.com\/\">www.justoteca.com<\/a><\/p>\n<p>[\/et_pb_text][\/et_pb_column][\/et_pb_row][\/et_pb_section]<\/p>\n","protected":false},"excerpt":{"rendered":"<p>El \u00abCOUNTRY LINE DANCE\u00bb es la versi\u00f3n Country del \u00abBaile en L\u00ednea\u00bbActualmente est\u00e1 muy extendido en todo el mundo, es DIVERTIDO y adecuado para TODO tipo de personas y edades. NO hace falta PAREJA ya que se puede bailar INDIVIDUALMENTE situados en filas. Puede realizarse a CUALQUIER EDAD: ni\u00f1os y mayores pueden bailar en la [&hellip;]<\/p>\n","protected":false},"author":1,"featured_media":0,"parent":0,"menu_order":0,"comment_status":"closed","ping_status":"closed","template":"","meta":{"_et_pb_use_builder":"on","_et_pb_old_content":"","_et_gb_content_width":"","footnotes":""},"class_list":["post-8","page","type-page","status-publish","hentry"],"_links":{"self":[{"href":"http:\/\/www.justoteca.com\/country\/wp-json\/wp\/v2\/pages\/8","targetHints":{"allow":["GET"]}}],"collection":[{"href":"http:\/\/www.justoteca.com\/country\/wp-json\/wp\/v2\/pages"}],"about":[{"href":"http:\/\/www.justoteca.com\/country\/wp-json\/wp\/v2\/types\/page"}],"author":[{"embeddable":true,"href":"http:\/\/www.justoteca.com\/country\/wp-json\/wp\/v2\/users\/1"}],"replies":[{"embeddable":true,"href":"http:\/\/www.justoteca.com\/country\/wp-json\/wp\/v2\/comments?post=8"}],"version-history":[{"count":65,"href":"http:\/\/www.justoteca.com\/country\/wp-json\/wp\/v2\/pages\/8\/revisions"}],"predecessor-version":[{"id":1109,"href":"http:\/\/www.justoteca.com\/country\/wp-json\/wp\/v2\/pages\/8\/revisions\/1109"}],"wp:attachment":[{"href":"http:\/\/www.justoteca.com\/country\/wp-json\/wp\/v2\/media?parent=8"}],"curies":[{"name":"wp","href":"https:\/\/api.w.org\/{rel}","templated":true}]}}