{"id":119,"date":"2021-09-18T16:56:11","date_gmt":"2021-09-18T16:56:11","guid":{"rendered":"http:\/\/www.justoteca.com\/countryenvalencia\/?page_id=119"},"modified":"2025-08-01T20:32:08","modified_gmt":"2025-08-01T20:32:08","slug":"clases","status":"publish","type":"page","link":"http:\/\/www.justoteca.com\/country\/clases\/","title":{"rendered":"Clases"},"content":{"rendered":"<p>[et_pb_section fb_built=\u00bb1&#8243; _builder_version=\u00bb4.16&#8243; _module_preset=\u00bbdefault\u00bb background_color=\u00bb#000000&#8243; min_height=\u00bb746.4px\u00bb custom_margin=\u00bb||-23px||false|false\u00bb custom_padding=\u00bb||0px|||\u00bb global_colors_info=\u00bb{}\u00bb][et_pb_row _builder_version=\u00bb4.18.0&#8243; _module_preset=\u00bbdefault\u00bb global_colors_info=\u00bb{}\u00bb][et_pb_column type=\u00bb4_4&#8243; _builder_version=\u00bb4.18.0&#8243; _module_preset=\u00bbdefault\u00bb global_colors_info=\u00bb{}\u00bb][et_pb_text _builder_version=\u00bb4.27.0&#8243; _module_preset=\u00bbdefault\u00bb header_font=\u00bbPoppins||||||||\u00bb header_text_color=\u00bb#E09900&#8243; header_font_size=\u00bb76px\u00bb header_font_size_tablet=\u00bb76px\u00bb header_font_size_phone=\u00bb54px\u00bb header_font_size_last_edited=\u00bbon|phone\u00bb global_colors_info=\u00bb{}\u00bb]<\/p>\n<h1 style=\"text-align: center;\"><strong>Clases COUNTRY:\u00a0<\/strong><\/h1>\n<h1 style=\"text-align: center;\"><strong> 2025-2026<\/strong><\/h1>\n<p>[\/et_pb_text][\/et_pb_column][\/et_pb_row][et_pb_row _builder_version=\u00bb4.27.0&#8243; _module_preset=\u00bbdefault\u00bb global_colors_info=\u00bb{}\u00bb][et_pb_column type=\u00bb4_4&#8243; _builder_version=\u00bb4.27.0&#8243; _module_preset=\u00bbdefault\u00bb global_colors_info=\u00bb{}\u00bb][et_pb_image src=\u00bbhttp:\/\/www.justoteca.com\/country\/wp-content\/uploads\/2024\/11\/jueves-MEDIOS.jpg\u00bb alt=\u00bbHorarios y precios clases country en Valencia\u00bb title_text=\u00bbjueves MEDIOS\u00bb force_fullwidth=\u00bbon\u00bb src_tablet=\u00bbhttp:\/\/www.justoteca.com\/country\/wp-content\/uploads\/2024\/09\/COMPLETO.jpg\u00bb src_phone=\u00bbhttp:\/\/www.justoteca.com\/country\/wp-content\/uploads\/2024\/09\/COMPLETO.jpg\u00bb src_last_edited=\u00bbon|tablet\u00bb _builder_version=\u00bb4.27.3&#8243; _module_preset=\u00bbdefault\u00bb min_height_tablet=\u00bb\u00bb min_height_phone=\u00bb\u00bb min_height_last_edited=\u00bbon|phone\u00bb global_colors_info=\u00bb{}\u00bb][\/et_pb_image][\/et_pb_column][\/et_pb_row][et_pb_row column_structure=\u00bb1_2,1_2&#8243; _builder_version=\u00bb4.16&#8243; _module_preset=\u00bbdefault\u00bb global_colors_info=\u00bb{}\u00bb][et_pb_column type=\u00bb1_2&#8243; _builder_version=\u00bb4.16&#8243; _module_preset=\u00bbdefault\u00bb global_colors_info=\u00bb{}\u00bb][et_pb_pricing_tables header_background_color=\u00bbrgba(12,160,17,0.88)\u00bb show_bullet=\u00bboff\u00bb _builder_version=\u00bb4.27.0&#8243; _module_preset=\u00bbdefault\u00bb header_text_color=\u00bb#FFFFFF\u00bb header_font=\u00bb|600|||||||\u00bb header_font_size=\u00bb26px\u00bb body_font=\u00bbPoppins||||||||\u00bb body_font_size=\u00bb16px\u00bb price_font=\u00bb|600|||||||\u00bb price_font_size=\u00bb30px\u00bb currency_frequency_font_size=\u00bb30px\u00bb global_colors_info=\u00bb{}\u00bb][et_pb_pricing_table title=\u00bbCOUNTRY:  %22INICIACI\u00d3N%22&#8243; currency=\u00bb\u20ac\u00bb per=\u00bbmes\u00bb sum=\u00bb32&#8243; button_url=\u00bb#\u00bb header_background_color=\u00bb#E09900&#8243; _builder_version=\u00bb4.27.0&#8243; _module_preset=\u00bbdefault\u00bb body_text_color=\u00bb#FFFFFF\u00bb price_font_size=\u00bb30px\u00bb background_color=\u00bbrgba(104,216,0,0.55)\u00bb background_enable_color=\u00bbon\u00bb custom_button=\u00bbon\u00bb button_text_color=\u00bb#FFFFFF\u00bb button_bg_color=\u00bbrgba(12,113,195,0.95)\u00bb button_border_width=\u00bb1px\u00bb button_border_color=\u00bb#FFFFFF\u00bb button_border_radius=\u00bb6px\u00bb global_colors_info=\u00bb{}\u00bb sticky_transition=\u00bbon\u00bb]<\/p>\n<h3>\u00a0<span style=\"color: #000000;\"><strong> \u00a0 \u00a0\u2665\u00a0 los viernes\u00a0 de\u00a0 18:30-19:30h<\/strong><\/span><\/h3>\n<p><span>Una hora: REPASAMOS y aprendemos lo nuevo.<\/span><\/p>\n<p><span>No hace falta venir en PAREJA<\/span><\/p>\n<p>VENTE a PROBAR una clase ! (Av\u00edsanos antes, por el aforo)<\/p>\n<p>[\/et_pb_pricing_table][\/et_pb_pricing_tables][\/et_pb_column][et_pb_column type=\u00bb1_2&#8243; _builder_version=\u00bb4.16&#8243; _module_preset=\u00bbdefault\u00bb global_colors_info=\u00bb{}\u00bb][\/et_pb_column][\/et_pb_row][et_pb_row column_structure=\u00bb1_2,1_2&#8243; _builder_version=\u00bb4.16&#8243; _module_preset=\u00bbdefault\u00bb global_colors_info=\u00bb{}\u00bb][et_pb_column type=\u00bb1_2&#8243; _builder_version=\u00bb4.16&#8243; _module_preset=\u00bbdefault\u00bb global_colors_info=\u00bb{}\u00bb][et_pb_pricing_tables header_background_color=\u00bbrgba(12,160,17,0.88)\u00bb show_bullet=\u00bboff\u00bb _builder_version=\u00bb4.27.3&#8243; _module_preset=\u00bbdefault\u00bb header_text_color=\u00bb#FFFFFF\u00bb header_font=\u00bb|600|||||||\u00bb header_font_size=\u00bb26px\u00bb body_font=\u00bbPoppins||||||||\u00bb body_font_size=\u00bb16px\u00bb price_font=\u00bb|600|||||||\u00bb price_font_size=\u00bb30px\u00bb currency_frequency_font_size=\u00bb30px\u00bb global_colors_info=\u00bb{}\u00bb][et_pb_pricing_table title=\u00bbCOUNTRY:   %22INI-MEDIOS%22&#8243; currency=\u00bb\u20ac\u00bb per=\u00bbmes\u00bb sum=\u00bb32&#8243; button_url=\u00bb#\u00bb header_background_color=\u00bb#E09900&#8243; _builder_version=\u00bb4.27.3&#8243; _module_preset=\u00bbdefault\u00bb body_text_color=\u00bb#FFFFFF\u00bb price_font_size=\u00bb30px\u00bb background_color=\u00bbrgba(224,153,0,0.73)\u00bb background_enable_color=\u00bbon\u00bb custom_button=\u00bbon\u00bb button_text_color=\u00bb#FFFFFF\u00bb button_bg_color=\u00bbrgba(12,113,195,0.95)\u00bb button_border_width=\u00bb1px\u00bb button_border_color=\u00bb#FFFFFF\u00bb button_border_radius=\u00bb6px\u00bb global_colors_info=\u00bb{}\u00bb sticky_transition=\u00bbon\u00bb]<\/p>\n<h3>\u00a0<span style=\"color: #000000;\"><strong> \u00a0 \u00a0\u2665\u00a0 los jueves\u00a0 19:30-20:30h<\/strong><\/span><\/h3>\n<p><span>Una hora: REPASAMOS y APRENDEMOS lo nuevo.<\/span><\/p>\n<p><span>No hace falta venir en PAREJA<br \/>Conviene haber hecho alg\u00fan CURSO de Country, o saber BAILAR (salsa por ejemplo)<\/span><\/p>\n<p>&nbsp;<\/p>\n<p>[\/et_pb_pricing_table][\/et_pb_pricing_tables][\/et_pb_column][et_pb_column type=\u00bb1_2&#8243; _builder_version=\u00bb4.16&#8243; _module_preset=\u00bbdefault\u00bb global_colors_info=\u00bb{}\u00bb][\/et_pb_column][\/et_pb_row][et_pb_row column_structure=\u00bb1_2,1_2&#8243; _builder_version=\u00bb4.16&#8243; _module_preset=\u00bbdefault\u00bb global_colors_info=\u00bb{}\u00bb][et_pb_column type=\u00bb1_2&#8243; _builder_version=\u00bb4.16&#8243; _module_preset=\u00bbdefault\u00bb global_colors_info=\u00bb{}\u00bb][et_pb_pricing_tables header_background_color=\u00bbrgba(12,160,17,0.88)\u00bb show_bullet=\u00bboff\u00bb _builder_version=\u00bb4.27.3&#8243; _module_preset=\u00bbdefault\u00bb header_text_color=\u00bb#FFFFFF\u00bb header_font=\u00bb|600|||||||\u00bb header_font_size=\u00bb26px\u00bb body_font=\u00bbPoppins||||||||\u00bb body_font_size=\u00bb16px\u00bb price_font=\u00bb|600|||||||\u00bb price_font_size=\u00bb30px\u00bb currency_frequency_font_size=\u00bb30px\u00bb global_colors_info=\u00bb{}\u00bb][et_pb_pricing_table title=\u00bbCOUNTRY:   %22MED-AVANZADOS%22&#8243; currency=\u00bb\u20ac\u00bb per=\u00bbmes\u00bb sum=\u00bb40&#8243; button_url=\u00bb#\u00bb header_background_color=\u00bb#E09900&#8243; _builder_version=\u00bb4.27.3&#8243; _module_preset=\u00bbdefault\u00bb body_text_color=\u00bb#FFFFFF\u00bb price_font_size=\u00bb30px\u00bb background_color=\u00bbrgba(224,49,40,0.99)\u00bb background_enable_color=\u00bbon\u00bb custom_button=\u00bbon\u00bb button_text_color=\u00bb#FFFFFF\u00bb button_bg_color=\u00bbrgba(12,113,195,0.95)\u00bb button_border_width=\u00bb1px\u00bb button_border_color=\u00bb#FFFFFF\u00bb button_border_radius=\u00bb6px\u00bb global_colors_info=\u00bb{}\u00bb sticky_transition=\u00bbon\u00bb]<\/p>\n<h3>\u00a0<span style=\"color: #000000;\"><strong> \u00a0 \u00a0\u2665\u00a0 los viernes\u00a0 19:30-21:00h<\/strong><\/span><\/h3>\n<p><span>Una hora y media: REPASAMOS y aprendemos lo nuevo.<\/span><\/p>\n<p><span>No hace falta venir en PAREJA<br \/>Ideal haber BAILADO bastante COUNTRY<\/span><\/p>\n<p>[\/et_pb_pricing_table][\/et_pb_pricing_tables][\/et_pb_column][et_pb_column type=\u00bb1_2&#8243; _builder_version=\u00bb4.16&#8243; _module_preset=\u00bbdefault\u00bb global_colors_info=\u00bb{}\u00bb][\/et_pb_column][\/et_pb_row][et_pb_row column_structure=\u00bb1_2,1_2&#8243; _builder_version=\u00bb4.16&#8243; _module_preset=\u00bbdefault\u00bb global_colors_info=\u00bb{}\u00bb][et_pb_column type=\u00bb1_2&#8243; _builder_version=\u00bb4.16&#8243; _module_preset=\u00bbdefault\u00bb global_colors_info=\u00bb{}\u00bb][et_pb_button button_url=\u00bbhttps:\/\/goo.gl\/maps\/xJfXXqttdCdjjL268&#8243; url_new_window=\u00bbon\u00bb button_text=\u00bbAcademia:  \u00bfUBICACI\u00d3N?\u00bb button_alignment=\u00bbleft\u00bb admin_label=\u00bbBOTON DIRECC MDC\u00bb _builder_version=\u00bb4.27.0&#8243; _module_preset=\u00bbdefault\u00bb custom_button=\u00bbon\u00bb button_text_color=\u00bb#FFFFFF\u00bb button_bg_color=\u00bbrgba(124,218,36,0.39)\u00bb button_border_width=\u00bb1px\u00bb button_border_radius=\u00bb5px\u00bb button_font=\u00bbPoppins|300|||||||\u00bb custom_margin=\u00bb0px||||false|false\u00bb global_colors_info=\u00bb{}\u00bb][\/et_pb_button][et_pb_button button_url=\u00bbhttps:\/\/www.magicdance.es\/country\/\u00bb url_new_window=\u00bbon\u00bb button_text=\u00bbAcademia:  \u00bfMAGIC DANCE?   &#8212; \u00bfQuienes son?\u00bb button_alignment=\u00bbleft\u00bb admin_label=\u00bbBOTON DIRECC MDC\u00bb _builder_version=\u00bb4.27.0&#8243; _module_preset=\u00bbdefault\u00bb custom_button=\u00bbon\u00bb button_text_color=\u00bb#E09900&#8243; button_bg_color=\u00bbrgba(124,218,36,0.39)\u00bb button_border_width=\u00bb1px\u00bb button_border_radius=\u00bb5px\u00bb button_font=\u00bbPoppins|300|||||||\u00bb custom_margin=\u00bb0px||||false|false\u00bb global_colors_info=\u00bb{}\u00bb][\/et_pb_button][\/et_pb_column][et_pb_column type=\u00bb1_2&#8243; _builder_version=\u00bb4.16&#8243; _module_preset=\u00bbdefault\u00bb global_colors_info=\u00bb{}\u00bb][\/et_pb_column][\/et_pb_row][et_pb_row _builder_version=\u00bb4.18.0&#8243; _module_preset=\u00bbdefault\u00bb global_colors_info=\u00bb{}\u00bb][et_pb_column type=\u00bb4_4&#8243; _builder_version=\u00bb4.16&#8243; _module_preset=\u00bbdefault\u00bb global_colors_info=\u00bb{}\u00bb][et_pb_text _builder_version=\u00bb4.27.0&#8243; _module_preset=\u00bbdefault\u00bb text_font=\u00bbPoppins|300|||||||\u00bb text_text_color=\u00bb#ffffff\u00bb text_font_size=\u00bb16px\u00bb text_line_height=\u00bb1.9em\u00bb background_color=\u00bbrgba(12,113,195,0.39)\u00bb custom_padding=\u00bb17px|17px|17px|17px|true|true\u00bb global_colors_info=\u00bb{}\u00bb]<\/p>\n<p><span style=\"text-decoration: underline;\">\u00a0CONSEJOS\u00a0 para las clases de COUNTRY:<\/span><\/p>\n<p><img decoding=\"async\" src=\"https:\/\/www.justoteca.com\/country\/wp-content\/themes\/Divi\/includes\/builder\/frontend-builder\/assets\/vendors\/plugins\/emoticons\/img\/smiley-laughing.gif\" alt=\"laughing\" \/> Ideal venir con alg\u00fan tipo de botita, o con algo de tac\u00f3n. Y si llev\u00e1is sombrero, genial !<\/p>\n<p><img decoding=\"async\" src=\"https:\/\/www.justoteca.com\/country\/wp-content\/themes\/Divi\/includes\/builder\/frontend-builder\/assets\/vendors\/plugins\/emoticons\/img\/smiley-laughing.gif\" alt=\"laughing\" \/> AVISAD antes de la CLASE DE PRUEBA,. La Academia quiere saber quien entra y sale !<\/p>\n<p><img decoding=\"async\" src=\"https:\/\/www.justoteca.com\/country\/wp-content\/themes\/Divi\/includes\/builder\/frontend-builder\/assets\/vendors\/plugins\/emoticons\/img\/smiley-laughing.gif\" alt=\"laughing\" \/> NO hace falta que veng\u00e1is con BOTAS camperas, con unas simples deportivas se puede empezar !!<\/p>\n<p><img decoding=\"async\" src=\"https:\/\/www.justoteca.com\/country\/wp-content\/themes\/Divi\/includes\/builder\/frontend-builder\/assets\/vendors\/plugins\/emoticons\/img\/smiley-laughing.gif\" alt=\"laughing\" \/> Este curso (2025-26) tenemos grupo de MEDIOS junto a los INICIADOS avanzados del a\u00f1o pasado.<\/p>\n<p><img decoding=\"async\" src=\"https:\/\/www.justoteca.com\/country\/wp-content\/themes\/Divi\/includes\/builder\/frontend-builder\/assets\/vendors\/plugins\/emoticons\/img\/smiley-laughing.gif\" alt=\"laughing\" \/> Los que os matricul\u00e1is de VARIAS disciplinas, ten\u00e9is descuento ! (sale m\u00e1s econ\u00f3mica la segunda hora)<\/p>\n<ul><\/ul>\n<p>[\/et_pb_text][\/et_pb_column][\/et_pb_row][et_pb_row _builder_version=\u00bb4.16&#8243; _module_preset=\u00bbdefault\u00bb custom_margin=\u00bb|auto|23px|auto|false|false\u00bb custom_padding=\u00bb0px||72px||false|false\u00bb global_colors_info=\u00bb{}\u00bb][et_pb_column type=\u00bb4_4&#8243; _builder_version=\u00bb4.16&#8243; _module_preset=\u00bbdefault\u00bb background_color=\u00bbrgba(12,113,195,0.39)\u00bb custom_padding=\u00bb0px||34px||false|false\u00bb global_colors_info=\u00bb{}\u00bb][et_pb_button button_url=\u00bbhttp:\/\/www.justoteca.com\/country\/contacto2\/\u00bb button_text=\u00bbCONTACTO\u00bb button_alignment=\u00bbcenter\u00bb _builder_version=\u00bb4.10.8&#8243; _module_preset=\u00bbdefault\u00bb custom_button=\u00bbon\u00bb button_bg_color=\u00bb#0C71C3&#8243; button_border_width=\u00bb1px\u00bb button_border_radius=\u00bb5px\u00bb button_font=\u00bbPoppins||||||||\u00bb background_layout=\u00bbdark\u00bb custom_margin=\u00bb29px||-13px||false|false\u00bb custom_padding=\u00bb6px||||false|false\u00bb global_module=\u00bb192&#8243; saved_tabs=\u00bball\u00bb global_colors_info=\u00bb{}\u00bb][\/et_pb_button][\/et_pb_column][\/et_pb_row][\/et_pb_section]<\/p>\n","protected":false},"excerpt":{"rendered":"<p>Clases COUNTRY:\u00a0 2025-2026\u00a0 \u00a0 \u00a0\u2665\u00a0 los viernes\u00a0 de\u00a0 18:30-19:30h Una hora: REPASAMOS y aprendemos lo nuevo. No hace falta venir en PAREJA VENTE a PROBAR una clase ! (Av\u00edsanos antes, por el aforo)\u00a0 \u00a0 \u00a0\u2665\u00a0 los jueves\u00a0 19:30-20:30h Una hora: REPASAMOS y APRENDEMOS lo nuevo. No hace falta venir en PAREJAConviene haber hecho alg\u00fan CURSO [&hellip;]<\/p>\n","protected":false},"author":1,"featured_media":0,"parent":0,"menu_order":0,"comment_status":"closed","ping_status":"closed","template":"","meta":{"_et_pb_use_builder":"on","_et_pb_old_content":"","_et_gb_content_width":"","footnotes":""},"class_list":["post-119","page","type-page","status-publish","hentry"],"_links":{"self":[{"href":"http:\/\/www.justoteca.com\/country\/wp-json\/wp\/v2\/pages\/119","targetHints":{"allow":["GET"]}}],"collection":[{"href":"http:\/\/www.justoteca.com\/country\/wp-json\/wp\/v2\/pages"}],"about":[{"href":"http:\/\/www.justoteca.com\/country\/wp-json\/wp\/v2\/types\/page"}],"author":[{"embeddable":true,"href":"http:\/\/www.justoteca.com\/country\/wp-json\/wp\/v2\/users\/1"}],"replies":[{"embeddable":true,"href":"http:\/\/www.justoteca.com\/country\/wp-json\/wp\/v2\/comments?post=119"}],"version-history":[{"count":146,"href":"http:\/\/www.justoteca.com\/country\/wp-json\/wp\/v2\/pages\/119\/revisions"}],"predecessor-version":[{"id":1131,"href":"http:\/\/www.justoteca.com\/country\/wp-json\/wp\/v2\/pages\/119\/revisions\/1131"}],"wp:attachment":[{"href":"http:\/\/www.justoteca.com\/country\/wp-json\/wp\/v2\/media?parent=119"}],"curies":[{"name":"wp","href":"https:\/\/api.w.org\/{rel}","templated":true}]}}